{"id":147,"date":"2022-02-04T16:00:39","date_gmt":"2022-02-04T15:00:39","guid":{"rendered":"https:\/\/winaevent.ma\/?page_id=147"},"modified":"2022-02-04T17:25:25","modified_gmt":"2022-02-04T16:25:25","slug":"contact","status":"publish","type":"page","link":"https:\/\/winaevent.ma\/?page_id=147","title":{"rendered":"Contact"},"content":{"rendered":"\t\t<div data-elementor-type=\"wp-page\" data-elementor-id=\"147\" class=\"elementor elementor-147\">\n\t\t\t\t\t\t<section class=\"elementor-section elementor-top-section elementor-element elementor-element-92cfb66 elementor-section-boxed elementor-section-height-default elementor-section-height-default elementor-invisible\" data-id=\"92cfb66\" data-element_type=\"section\" data-settings=\"{&quot;animation&quot;:&quot;zoomIn&quot;}\">\n\t\t\t\t\t\t<div class=\"elementor-container elementor-column-gap-default\">\n\t\t\t\t\t<div class=\"elementor-column elementor-col-50 elementor-top-column elementor-element elementor-element-c4e59dd\" data-id=\"c4e59dd\" data-element_type=\"column\" data-settings=\"{&quot;background_background&quot;:&quot;classic&quot;}\">\n\t\t\t<div class=\"elementor-widget-wrap elementor-element-populated\">\n\t\t\t\t\t\t<div class=\"elementor-element elementor-element-209cab8 elementor-icon-list--layout-traditional elementor-list-item-link-full_width elementor-widget elementor-widget-icon-list\" data-id=\"209cab8\" data-element_type=\"widget\" data-widget_type=\"icon-list.default\">\n\t\t\t\t<div class=\"elementor-widget-container\">\n\t\t\t\t\t\t\t<ul class=\"elementor-icon-list-items\">\n\t\t\t\t\t\t\t<li class=\"elementor-icon-list-item\">\n\t\t\t\t\t\t\t\t\t\t\t<span class=\"elementor-icon-list-icon\">\n\t\t\t\t\t\t\t<i aria-hidden=\"true\" class=\"fas fa-phone-square-alt\"><\/i>\t\t\t\t\t\t<\/span>\n\t\t\t\t\t\t\t\t\t\t<span class=\"elementor-icon-list-text\">+212 537 635 750 <\/span>\n\t\t\t\t\t\t\t\t\t<\/li>\n\t\t\t\t\t\t\t\t<li class=\"elementor-icon-list-item\">\n\t\t\t\t\t\t\t\t\t\t\t<span class=\"elementor-icon-list-icon\">\n\t\t\t\t\t\t\t<i aria-hidden=\"true\" class=\"fas fa-envelope\"><\/i>\t\t\t\t\t\t<\/span>\n\t\t\t\t\t\t\t\t\t\t<span class=\"elementor-icon-list-text\">winaevents@gmail.com<\/span>\n\t\t\t\t\t\t\t\t\t<\/li>\n\t\t\t\t\t\t\t\t<li class=\"elementor-icon-list-item\">\n\t\t\t\t\t\t\t\t\t\t\t<span class=\"elementor-icon-list-icon\">\n\t\t\t\t\t\t\t<i aria-hidden=\"true\" class=\"fas fa-home\"><\/i>\t\t\t\t\t\t<\/span>\n\t\t\t\t\t\t\t\t\t\t<span class=\"elementor-icon-list-text\">23, rue Al Maarif Aviation\u060c Rabat<\/span>\n\t\t\t\t\t\t\t\t\t<\/li>\n\t\t\t\t\t\t<\/ul>\n\t\t\t\t\t\t<\/div>\n\t\t\t\t<\/div>\n\t\t\t\t<div class=\"elementor-element elementor-element-09386e4 elementor-shape-square e-grid-align-left elementor-grid-0 elementor-widget elementor-widget-social-icons\" data-id=\"09386e4\" data-element_type=\"widget\" data-widget_type=\"social-icons.default\">\n\t\t\t\t<div class=\"elementor-widget-container\">\n\t\t\t\t\t\t\t<div class=\"elementor-social-icons-wrapper elementor-grid\" role=\"list\">\n\t\t\t\t\t\t\t<span class=\"elementor-grid-item\" role=\"listitem\">\n\t\t\t\t\t<a class=\"elementor-icon elementor-social-icon elementor-social-icon-facebook elementor-animation-pulse-grow elementor-repeater-item-a36a847\" href=\"#\" target=\"_blank\">\n\t\t\t\t\t\t<span class=\"elementor-screen-only\">Facebook<\/span>\n\t\t\t\t\t\t<i aria-hidden=\"true\" class=\"fab fa-facebook\"><\/i>\t\t\t\t\t<\/a>\n\t\t\t\t<\/span>\n\t\t\t\t\t\t\t<span class=\"elementor-grid-item\" role=\"listitem\">\n\t\t\t\t\t<a class=\"elementor-icon elementor-social-icon elementor-social-icon-instagram elementor-animation-pulse-grow elementor-repeater-item-c13feed\" href=\"#\" target=\"_blank\">\n\t\t\t\t\t\t<span class=\"elementor-screen-only\">Instagram<\/span>\n\t\t\t\t\t\t<i aria-hidden=\"true\" class=\"fab fa-instagram\"><\/i>\t\t\t\t\t<\/a>\n\t\t\t\t<\/span>\n\t\t\t\t\t\t\t<span class=\"elementor-grid-item\" role=\"listitem\">\n\t\t\t\t\t<a class=\"elementor-icon elementor-social-icon elementor-social-icon-youtube elementor-animation-pulse-grow elementor-repeater-item-58ccee7\" href=\"#\" target=\"_blank\">\n\t\t\t\t\t\t<span class=\"elementor-screen-only\">Youtube<\/span>\n\t\t\t\t\t\t<i aria-hidden=\"true\" class=\"fab fa-youtube\"><\/i>\t\t\t\t\t<\/a>\n\t\t\t\t<\/span>\n\t\t\t\t\t<\/div>\n\t\t\t\t\t\t<\/div>\n\t\t\t\t<\/div>\n\t\t\t\t\t<\/div>\n\t\t<\/div>\n\t\t\t\t<div class=\"elementor-column elementor-col-50 elementor-top-column elementor-element elementor-element-b926a84\" data-id=\"b926a84\" data-element_type=\"column\" data-settings=\"{&quot;background_background&quot;:&quot;classic&quot;}\">\n\t\t\t<div class=\"elementor-widget-wrap elementor-element-populated\">\n\t\t\t\t\t\t<div class=\"elementor-element elementor-element-f5019a9 eael-caldera-form-labels-yes eael-caldera-form-button-custom elementor-widget elementor-widget-eael-caldera-form\" data-id=\"f5019a9\" data-element_type=\"widget\" data-widget_type=\"eael-caldera-form.default\">\n\t\t\t\t<div class=\"elementor-widget-container\">\n\t\t\t\t\t            <div class=\"eael-contact-form eael-caldera-form eael-contact-form-align-center\">\n                                <div class=\"caldera-grid\" id=\"caldera_form_1\" data-cf-ver=\"1.9.6\" data-cf-form-id=\"CF61fd3fb3c935a\"><div id=\"caldera_notices_1\" data-spinner=\"https:\/\/winaevent.ma\/wp-admin\/images\/spinner.gif\"><\/div><form data-instance=\"1\" class=\"CF61fd3fb3c935a caldera_forms_form cfajax-trigger\" method=\"POST\" enctype=\"multipart\/form-data\" id=\"CF61fd3fb3c935a_1\" data-form-id=\"CF61fd3fb3c935a\" aria-label=\"contact\" data-target=\"#caldera_notices_1\" data-template=\"#cfajax_CF61fd3fb3c935a-tmpl\" data-cfajax=\"CF61fd3fb3c935a\" data-load-element=\"_parent\" data-load-class=\"cf_processing\" data-post-disable=\"0\" data-action=\"cf_process_ajax_submit\" data-request=\"https:\/\/winaevent.ma\/?cf_api=CF61fd3fb3c935a\" data-hiderows=\"true\">\r\n<input type=\"hidden\" id=\"_cf_verify_CF61fd3fb3c935a\" name=\"_cf_verify\" value=\"5ee93402d6\"  data-nonce-time=\"1776426275\" \/><input type=\"hidden\" name=\"_wp_http_referer\" value=\"\/index.php?rest_route=%2Fwp%2Fv2%2Fpages%2F147\" \/><div id=\"cf2-CF61fd3fb3c935a_1\"><\/div><input type=\"hidden\" name=\"_cf_frm_id\" value=\"CF61fd3fb3c935a\">\r\n<input type=\"hidden\" name=\"_cf_frm_ct\" value=\"1\">\r\n<input type=\"hidden\" name=\"cfajax\" value=\"CF61fd3fb3c935a\">\r\n<input type=\"hidden\" name=\"_cf_cr_pst\" value=\"147\">\r\n<div class=\"hide\" style=\"display:none; overflow:hidden;height:0;width:0;\">\r\n<label>Phone<\/label><input type=\"text\" name=\"phone\" value=\"\" autocomplete=\"off\">\r\n<\/div><div id=\"CF61fd3fb3c935a_1-row-1\"  class=\"row  single\"><div  class=\"col-sm-12  single\"><div data-field-wrapper=\"fld_9986250\" class=\"form-group\" id=\"fld_9986250_1-wrap\">\r\n\t<label id=\"fld_9986250Label\" for=\"fld_9986250_1\" class=\"control-label\">Nom et pr\u00e9nom <span aria-hidden=\"true\" role=\"presentation\" class=\"field_required\" style=\"color:#ee0000;\">*<\/span><\/label>\r\n\t<div class=\"\">\r\n\t\t<input   required type=\"text\" data-field=\"fld_9986250\" class=\" form-control\" id=\"fld_9986250_1\" name=\"fld_9986250\" value=\"\" data-type=\"text\" aria-required=\"true\"   aria-labelledby=\"fld_9986250Label\" >\t\t\t<\/div>\r\n<\/div>\r\n<div data-field-wrapper=\"fld_5746523\" class=\"form-group\" id=\"fld_5746523_1-wrap\">\r\n\t<label id=\"fld_5746523Label\" for=\"fld_5746523_1\" class=\"control-label\">T\u00e9l\u00e9phone<\/label>\r\n\t<div class=\"\">\r\n\t\t<input    type=\"tel\" data-field=\"fld_5746523\" class=\" form-control\" id=\"fld_5746523_1\" name=\"fld_5746523\" value=\"+212\" data-type=\"phone_better\"   aria-labelledby=\"fld_5746523Label\" >\t\t\t<\/div>\r\n<\/div>\r\n<div data-field-wrapper=\"fld_6789031\" class=\"form-group\" id=\"fld_6789031_1-wrap\">\r\n\t<label id=\"fld_6789031Label\" for=\"fld_6789031_1\" class=\"control-label\">Email <span aria-hidden=\"true\" role=\"presentation\" class=\"field_required\" style=\"color:#ee0000;\">*<\/span><\/label>\r\n\t<div class=\"\">\r\n\t\t<input   required type=\"email\" data-field=\"fld_6789031\" class=\" form-control\" id=\"fld_6789031_1\" name=\"fld_6789031\" value=\"\" data-type=\"email\" aria-required=\"true\"   aria-labelledby=\"fld_6789031Label\" >\t\t\t<\/div>\r\n<\/div>\r\n<div data-field-wrapper=\"fld_9332291\" class=\"form-group\" id=\"fld_9332291_1-wrap\">\r\n\t<label id=\"fld_9332291Label\" for=\"fld_9332291_1\" class=\"control-label screen-reader-text sr-only\">Message<\/label>\r\n\t<div class=\"\">\r\n\t\t<textarea name=\"fld_9332291\" value=\"\" data-field=\"fld_9332291\" class=\"form-control\" id=\"fld_9332291_1\" rows=\"5\"  required=\"required\"  aria-labelledby=\"fld_9332291Label\" ><\/textarea>\n\t\t\t<\/div>\r\n<\/div>\r\n<div data-field-wrapper=\"fld_6016308\" class=\"form-group\" id=\"fld_6016308_1-wrap\">\r\n<div class=\"\">\r\n\t<input  class=\"btn btn-default\" type=\"submit\" name=\"fld_6016308\" id=\"fld_6016308_1\" value=\"Envoy\u00e9\" data-field=\"fld_6016308\"  >\n<\/div>\r\n<\/div>\r\n\t<input class=\"button_trigger_1\" type=\"hidden\" name=\"fld_6016308\" id=\"fld_6016308_1_btn\" value=\"\" data-field=\"fld_6016308\"  \/>\n<\/div><\/div><\/form>\r\n<\/div>\r\n            <\/div>\n            \t\t\t\t<\/div>\n\t\t\t\t<\/div>\n\t\t\t\t\t<\/div>\n\t\t<\/div>\n\t\t\t\t\t<\/div>\n\t\t<\/section>\n\t\t\t\t<section class=\"elementor-section elementor-top-section elementor-element elementor-element-579f3cb elementor-section-boxed elementor-section-height-default elementor-section-height-default\" data-id=\"579f3cb\" data-element_type=\"section\">\n\t\t\t\t\t\t<div class=\"elementor-container elementor-column-gap-default\">\n\t\t\t\t\t<div class=\"elementor-column elementor-col-100 elementor-top-column elementor-element elementor-element-afcce26\" data-id=\"afcce26\" data-element_type=\"column\">\n\t\t\t<div class=\"elementor-widget-wrap elementor-element-populated\">\n\t\t\t\t\t\t<div class=\"elementor-element elementor-element-57802f8 elementor-invisible elementor-widget elementor-widget-google_maps\" data-id=\"57802f8\" data-element_type=\"widget\" data-settings=\"{&quot;_animation&quot;:&quot;zoomIn&quot;}\" data-widget_type=\"google_maps.default\">\n\t\t\t\t<div class=\"elementor-widget-container\">\n\t\t\t\t\t\t\t<div class=\"elementor-custom-embed\">\n\t\t\t<iframe loading=\"lazy\"\n\t\t\t\t\tsrc=\"https:\/\/maps.google.com\/maps?q=23%20rue%20al%20maarif%20rabat&#038;t=m&#038;z=13&#038;output=embed&#038;iwloc=near\"\n\t\t\t\t\ttitle=\"23 rue al maarif rabat\"\n\t\t\t\t\taria-label=\"23 rue al maarif rabat\"\n\t\t\t><\/iframe>\n\t\t<\/div>\n\t\t\t\t\t\t<\/div>\n\t\t\t\t<\/div>\n\t\t\t\t\t<\/div>\n\t\t<\/div>\n\t\t\t\t\t<\/div>\n\t\t<\/section>\n\t\t\t\t<\/div>\n\t\t","protected":false},"excerpt":{"rendered":"<p>+212 537 635 750 winaevents@gmail.com 23, rue Al Maarif Aviation\u060c Rabat Facebook Instagram Youtube Twitter Nom et pr\u00e9nom * T\u00e9l\u00e9phone Email * Message<\/p>\n","protected":false},"author":2,"featured_media":0,"parent":0,"menu_order":0,"comment_status":"closed","ping_status":"closed","template":"","meta":{"footnotes":""},"class_list":["post-147","page","type-page","status-publish","hentry"],"aioseo_notices":[],"_links":{"self":[{"href":"https:\/\/winaevent.ma\/index.php?rest_route=\/wp\/v2\/pages\/147","targetHints":{"allow":["GET"]}}],"collection":[{"href":"https:\/\/winaevent.ma\/index.php?rest_route=\/wp\/v2\/pages"}],"about":[{"href":"https:\/\/winaevent.ma\/index.php?rest_route=\/wp\/v2\/types\/page"}],"author":[{"embeddable":true,"href":"https:\/\/winaevent.ma\/index.php?rest_route=\/wp\/v2\/users\/2"}],"replies":[{"embeddable":true,"href":"https:\/\/winaevent.ma\/index.php?rest_route=%2Fwp%2Fv2%2Fcomments&post=147"}],"version-history":[{"count":17,"href":"https:\/\/winaevent.ma\/index.php?rest_route=\/wp\/v2\/pages\/147\/revisions"}],"predecessor-version":[{"id":169,"href":"https:\/\/winaevent.ma\/index.php?rest_route=\/wp\/v2\/pages\/147\/revisions\/169"}],"wp:attachment":[{"href":"https:\/\/winaevent.ma\/index.php?rest_route=%2Fwp%2Fv2%2Fmedia&parent=147"}],"curies":[{"name":"wp","href":"https:\/\/api.w.org\/{rel}","templated":true}]}}